{"id":64,"date":"2023-08-12T01:34:03","date_gmt":"2023-08-12T01:34:03","guid":{"rendered":"https:\/\/hermandadnarro.com\/?page_id=64"},"modified":"2023-08-15T15:28:41","modified_gmt":"2023-08-15T15:28:41","slug":"generaciones","status":"publish","type":"page","link":"https:\/\/hermandadnarro.com\/index.php\/hermandad-narro\/generaciones\/","title":{"rendered":"Generaciones"},"content":{"rendered":"\t\t<div data-elementor-type=\"wp-page\" data-elementor-id=\"64\" class=\"elementor elementor-64\" data-elementor-post-type=\"page\">\n\t\t\t\t\t\t<section class=\"elementor-section elementor-top-section elementor-element elementor-element-c1fe8d8 elementor-section-boxed elementor-section-height-default elementor-section-height-default\" data-id=\"c1fe8d8\" data-element_type=\"section\">\n\t\t\t\t\t\t<div class=\"elementor-container elementor-column-gap-default\">\n\t\t\t\t\t<div class=\"elementor-column elementor-col-50 elementor-top-column elementor-element elementor-element-a1d0397\" data-id=\"a1d0397\" data-element_type=\"column\">\n\t\t\t<div class=\"elementor-widget-wrap elementor-element-populated\">\n\t\t\t\t\t\t<div class=\"elementor-element elementor-element-9bee02f elementor-widget elementor-widget-heading\" data-id=\"9bee02f\" data-element_type=\"widget\" data-widget_type=\"heading.default\">\n\t\t\t\t<div class=\"elementor-widget-container\">\n\t\t\t\t\t<h2 class=\"elementor-heading-title elementor-size-default\">\u201cHERMANDAD \nNARRO A.C.\u201d<\/h2>\t\t\t\t<\/div>\n\t\t\t\t<\/div>\n\t\t\t\t<div class=\"elementor-element elementor-element-c81ff22 elementor-widget elementor-widget-text-editor\" data-id=\"c81ff22\" data-element_type=\"widget\" data-widget_type=\"text-editor.default\">\n\t\t\t\t<div class=\"elementor-widget-container\">\n\t\t\t\t\t\t\t\t\t<p>Necesitamos de tu participaci\u00f3n, inscr\u00edbete en nuestra p\u00e1gina y comparte tus recuerdos con tu compa\u00f1eros y coach. <\/p>\t\t\t\t\t\t\t\t<\/div>\n\t\t\t\t<\/div>\n\t\t\t\t<div class=\"elementor-element elementor-element-9f99d6f elementor-widget elementor-widget-heading\" data-id=\"9f99d6f\" data-element_type=\"widget\" data-widget_type=\"heading.default\">\n\t\t\t\t<div class=\"elementor-widget-container\">\n\t\t\t\t\t<h2 class=\"elementor-heading-title elementor-size-default\"><a href=\"https:\/\/hermandadnarro.com\/index.php\/hermandad-narro\/inscribete\/\">Inscr\u00edbete Aqu\u00ed<\/a><\/h2>\t\t\t\t<\/div>\n\t\t\t\t<\/div>\n\t\t\t\t\t<\/div>\n\t\t<\/div>\n\t\t\t\t<div class=\"elementor-column elementor-col-50 elementor-top-column elementor-element elementor-element-c4cfe12\" data-id=\"c4cfe12\" data-element_type=\"column\">\n\t\t\t<div class=\"elementor-widget-wrap elementor-element-populated\">\n\t\t\t\t\t\t<div class=\"elementor-element elementor-element-9e21e8d elementor-widget elementor-widget-spacer\" data-id=\"9e21e8d\" data-element_type=\"widget\" data-widget_type=\"spacer.default\">\n\t\t\t\t<div class=\"elementor-widget-container\">\n\t\t\t\t\t\t\t<div class=\"elementor-spacer\">\n\t\t\t<div class=\"elementor-spacer-inner\"><\/div>\n\t\t<\/div>\n\t\t\t\t\t\t<\/div>\n\t\t\t\t<\/div>\n\t\t\t\t<div class=\"elementor-element elementor-element-3b1d91c elementor-widget elementor-widget-image\" data-id=\"3b1d91c\" data-element_type=\"widget\" data-widget_type=\"image.default\">\n\t\t\t\t<div class=\"elementor-widget-container\">\n\t\t\t\t\t\t\t\t\t\t\t\t\t\t\t<img fetchpriority=\"high\" decoding=\"async\" width=\"800\" height=\"526\" src=\"https:\/\/hermandadnarro.com\/wp-content\/uploads\/2023\/08\/edificio-narro-grande.png\" class=\"attachment-large size-large wp-image-150\" alt=\"\" srcset=\"https:\/\/hermandadnarro.com\/wp-content\/uploads\/2023\/08\/edificio-narro-grande.png 800w, https:\/\/hermandadnarro.com\/wp-content\/uploads\/2023\/08\/edificio-narro-grande-300x197.png 300w, https:\/\/hermandadnarro.com\/wp-content\/uploads\/2023\/08\/edificio-narro-grande-768x505.png 768w\" sizes=\"(max-width: 800px) 100vw, 800px\" \/>\t\t\t\t\t\t\t\t\t\t\t\t\t\t\t<\/div>\n\t\t\t\t<\/div>\n\t\t\t\t\t<\/div>\n\t\t<\/div>\n\t\t\t\t\t<\/div>\n\t\t<\/section>\n\t\t\t\t<\/div>\n\t\t","protected":false},"excerpt":{"rendered":"<p>\u201cHERMANDAD NARRO A.C.\u201d Necesitamos de tu participaci\u00f3n, inscr\u00edbete en nuestra p\u00e1gina y comparte tus recuerdos con tu compa\u00f1eros y coach. Inscr\u00edbete Aqu\u00ed<\/p>\n","protected":false},"author":1,"featured_media":0,"parent":6,"menu_order":0,"comment_status":"closed","ping_status":"closed","template":"elementor_header_footer","meta":{"footnotes":""},"class_list":["post-64","page","type-page","status-publish","hentry"],"_links":{"self":[{"href":"https:\/\/hermandadnarro.com\/index.php\/wp-json\/wp\/v2\/pages\/64","targetHints":{"allow":["GET"]}}],"collection":[{"href":"https:\/\/hermandadnarro.com\/index.php\/wp-json\/wp\/v2\/pages"}],"about":[{"href":"https:\/\/hermandadnarro.com\/index.php\/wp-json\/wp\/v2\/types\/page"}],"author":[{"embeddable":true,"href":"https:\/\/hermandadnarro.com\/index.php\/wp-json\/wp\/v2\/users\/1"}],"replies":[{"embeddable":true,"href":"https:\/\/hermandadnarro.com\/index.php\/wp-json\/wp\/v2\/comments?post=64"}],"version-history":[{"count":7,"href":"https:\/\/hermandadnarro.com\/index.php\/wp-json\/wp\/v2\/pages\/64\/revisions"}],"predecessor-version":[{"id":414,"href":"https:\/\/hermandadnarro.com\/index.php\/wp-json\/wp\/v2\/pages\/64\/revisions\/414"}],"up":[{"embeddable":true,"href":"https:\/\/hermandadnarro.com\/index.php\/wp-json\/wp\/v2\/pages\/6"}],"wp:attachment":[{"href":"https:\/\/hermandadnarro.com\/index.php\/wp-json\/wp\/v2\/media?parent=64"}],"curies":[{"name":"wp","href":"https:\/\/api.w.org\/{rel}","templated":true}]}}