{"id":8,"date":"2023-07-30T00:46:03","date_gmt":"2023-07-30T00:46:03","guid":{"rendered":"https:\/\/hermandadnarro.com\/?page_id=8"},"modified":"2023-08-15T15:11:08","modified_gmt":"2023-08-15T15:11:08","slug":"elementor-8","status":"publish","type":"page","link":"https:\/\/hermandadnarro.com\/index.php\/hermandad-narro\/elementor-8\/","title":{"rendered":"Nosotros"},"content":{"rendered":"\t\t<div data-elementor-type=\"wp-post\" data-elementor-id=\"8\" class=\"elementor elementor-8\" data-elementor-post-type=\"page\">\n\t\t\t\t\t\t<section class=\"elementor-section elementor-top-section elementor-element elementor-element-4d072b2 elementor-section-boxed elementor-section-height-default elementor-section-height-default\" data-id=\"4d072b2\" data-element_type=\"section\">\n\t\t\t\t\t\t<div class=\"elementor-container elementor-column-gap-default\">\n\t\t\t\t\t<div class=\"elementor-column elementor-col-100 elementor-top-column elementor-element elementor-element-ee87b7e\" data-id=\"ee87b7e\" data-element_type=\"column\">\n\t\t\t<div class=\"elementor-widget-wrap elementor-element-populated\">\n\t\t\t\t\t\t<div class=\"elementor-element elementor-element-19fca76 elementor-widget elementor-widget-spacer\" data-id=\"19fca76\" data-element_type=\"widget\" data-widget_type=\"spacer.default\">\n\t\t\t\t<div class=\"elementor-widget-container\">\n\t\t\t\t\t\t\t<div class=\"elementor-spacer\">\n\t\t\t<div class=\"elementor-spacer-inner\"><\/div>\n\t\t<\/div>\n\t\t\t\t\t\t<\/div>\n\t\t\t\t<\/div>\n\t\t\t\t\t<\/div>\n\t\t<\/div>\n\t\t\t\t\t<\/div>\n\t\t<\/section>\n\t\t\t\t<section class=\"elementor-section elementor-top-section elementor-element elementor-element-d9e6174 elementor-section-boxed elementor-section-height-default elementor-section-height-default\" data-id=\"d9e6174\" data-element_type=\"section\">\n\t\t\t\t\t\t<div class=\"elementor-container elementor-column-gap-default\">\n\t\t\t\t\t<div class=\"elementor-column elementor-col-50 elementor-top-column elementor-element elementor-element-f6081ce\" data-id=\"f6081ce\" data-element_type=\"column\">\n\t\t\t<div class=\"elementor-widget-wrap elementor-element-populated\">\n\t\t\t\t\t\t<div class=\"elementor-element elementor-element-a048d7b elementor-widget elementor-widget-heading\" data-id=\"a048d7b\" data-element_type=\"widget\" data-widget_type=\"heading.default\">\n\t\t\t\t<div class=\"elementor-widget-container\">\n\t\t\t\t\t<h2 class=\"elementor-heading-title elementor-size-default\">\u201cHERMANDAD \nNARRO A.C.\u201d<\/h2>\t\t\t\t<\/div>\n\t\t\t\t<\/div>\n\t\t\t\t<div class=\"elementor-element elementor-element-2abf47f elementor-widget elementor-widget-image\" data-id=\"2abf47f\" data-element_type=\"widget\" data-widget_type=\"image.default\">\n\t\t\t\t<div class=\"elementor-widget-container\">\n\t\t\t\t\t\t\t\t\t\t\t\t\t\t\t<img fetchpriority=\"high\" decoding=\"async\" width=\"800\" height=\"526\" src=\"https:\/\/hermandadnarro.com\/wp-content\/uploads\/2023\/08\/edificio-narro-grande.png\" class=\"attachment-large size-large wp-image-150\" alt=\"\" srcset=\"https:\/\/hermandadnarro.com\/wp-content\/uploads\/2023\/08\/edificio-narro-grande.png 800w, https:\/\/hermandadnarro.com\/wp-content\/uploads\/2023\/08\/edificio-narro-grande-300x197.png 300w, https:\/\/hermandadnarro.com\/wp-content\/uploads\/2023\/08\/edificio-narro-grande-768x505.png 768w\" sizes=\"(max-width: 800px) 100vw, 800px\" \/>\t\t\t\t\t\t\t\t\t\t\t\t\t\t\t<\/div>\n\t\t\t\t<\/div>\n\t\t\t\t\t<\/div>\n\t\t<\/div>\n\t\t\t\t<div class=\"elementor-column elementor-col-50 elementor-top-column elementor-element elementor-element-582af85\" data-id=\"582af85\" data-element_type=\"column\">\n\t\t\t<div class=\"elementor-widget-wrap elementor-element-populated\">\n\t\t\t\t\t\t<div class=\"elementor-element elementor-element-40a934b elementor-widget elementor-widget-spacer\" data-id=\"40a934b\" data-element_type=\"widget\" data-widget_type=\"spacer.default\">\n\t\t\t\t<div class=\"elementor-widget-container\">\n\t\t\t\t\t\t\t<div class=\"elementor-spacer\">\n\t\t\t<div class=\"elementor-spacer-inner\"><\/div>\n\t\t<\/div>\n\t\t\t\t\t\t<\/div>\n\t\t\t\t<\/div>\n\t\t\t\t<div class=\"elementor-element elementor-element-08c62ca elementor-widget elementor-widget-text-editor\" data-id=\"08c62ca\" data-element_type=\"widget\" data-widget_type=\"text-editor.default\">\n\t\t\t\t<div class=\"elementor-widget-container\">\n\t\t\t\t\t\t\t\t\t<p>Con la Fundaci\u00f3n del primer equipo de Futbol Americano en la ESAAN Escuela Superior de Agricultura \u201cAntonio Narro\u201d en el a\u00f1o de 1947, naci\u00f3 la Hermandad en los jugadores, misma que a trav\u00e9s de d\u00e9cadas y lustros contin\u00faa permeando hasta nuestros d\u00edas, sinti\u00e9ndonos orgullosamente Buitres del Equipo de Futbol Americano de nuestra ALMA MATER, hoy UAAAN Universidad Aut\u00f3noma Agraria \u201cAntonio Narro\u201d e igualmente orgullosos egresados profesionistas que llevamos valores y conocimientos a lugares de M\u00e9xico y del Mundo.- El sentimiento de Pertenencia, Uni\u00f3n y Amistad jam\u00e1s se pierde, se incrementa y fortalece a\u00f1o con a\u00f1o, Hoy damos forma legal a ese c\u00famulo de valores, tradiciones, orgullo y sentimientos de agradecimiento a nuestra Alma Mater, Hoy constituimos nuestra Asociaci\u00f3n Civil \u201cHermandad Narro\u201d apoyada por un gran n\u00famero de compa\u00f1eros Egresados, Exrectores y Leyendas del campo de juego y vida profesional, Hoy se abre un cause formal para proyectos y objetivos de todas las generaciones del futbol americano, donde Unidos participamos, estamos seguros que trascender\u00e1 en el \u00e1mbito universitario y en nuestras comunidades por sus nobles objetivos y labor altruista, trascender\u00e1 igualmente por la participaci\u00f3n de nuevas generaciones comprometidas y entusiastas que se incorporan a esta Emblem\u00e1tica Organizaci\u00f3n \u201cHermandad Narro, A.C.\u201d.<\/p>\t\t\t\t\t\t\t\t<\/div>\n\t\t\t\t<\/div>\n\t\t\t\t<div class=\"elementor-element elementor-element-dc298d7 elementor-widget elementor-widget-heading\" data-id=\"dc298d7\" data-element_type=\"widget\" data-widget_type=\"heading.default\">\n\t\t\t\t<div class=\"elementor-widget-container\">\n\t\t\t\t\t<h2 class=\"elementor-heading-title elementor-size-default\">Ing. Antonio Aguirre Sifuentes<\/h2>\t\t\t\t<\/div>\n\t\t\t\t<\/div>\n\t\t\t\t\t<\/div>\n\t\t<\/div>\n\t\t\t\t\t<\/div>\n\t\t<\/section>\n\t\t\t\t<section class=\"elementor-section elementor-top-section elementor-element elementor-element-7da7689 elementor-section-boxed elementor-section-height-default elementor-section-height-default\" data-id=\"7da7689\" data-element_type=\"section\">\n\t\t\t\t\t\t<div class=\"elementor-container elementor-column-gap-default\">\n\t\t\t\t\t<div class=\"elementor-column elementor-col-100 elementor-top-column elementor-element elementor-element-1fff0a6\" data-id=\"1fff0a6\" data-element_type=\"column\">\n\t\t\t<div class=\"elementor-widget-wrap elementor-element-populated\">\n\t\t\t\t\t\t<div class=\"elementor-element elementor-element-d41ead8 elementor-widget elementor-widget-spacer\" data-id=\"d41ead8\" data-element_type=\"widget\" data-widget_type=\"spacer.default\">\n\t\t\t\t<div class=\"elementor-widget-container\">\n\t\t\t\t\t\t\t<div class=\"elementor-spacer\">\n\t\t\t<div class=\"elementor-spacer-inner\"><\/div>\n\t\t<\/div>\n\t\t\t\t\t\t<\/div>\n\t\t\t\t<\/div>\n\t\t\t\t\t<\/div>\n\t\t<\/div>\n\t\t\t\t\t<\/div>\n\t\t<\/section>\n\t\t\t\t<\/div>\n\t\t","protected":false},"excerpt":{"rendered":"<p>\u201cHERMANDAD NARRO A.C.\u201d Con la Fundaci\u00f3n del primer equipo de Futbol Americano en la ESAAN Escuela Superior de Agricultura \u201cAntonio Narro\u201d en el a\u00f1o de 1947, naci\u00f3 la Hermandad en los jugadores, misma que a trav\u00e9s de d\u00e9cadas y lustros contin\u00faa permeando hasta nuestros d\u00edas, sinti\u00e9ndonos orgullosamente Buitres del Equipo de Futbol Americano de nuestra [&hellip;]<\/p>\n","protected":false},"author":1,"featured_media":0,"parent":6,"menu_order":0,"comment_status":"closed","ping_status":"closed","template":"elementor_header_footer","meta":{"footnotes":""},"class_list":["post-8","page","type-page","status-publish","hentry"],"_links":{"self":[{"href":"https:\/\/hermandadnarro.com\/index.php\/wp-json\/wp\/v2\/pages\/8","targetHints":{"allow":["GET"]}}],"collection":[{"href":"https:\/\/hermandadnarro.com\/index.php\/wp-json\/wp\/v2\/pages"}],"about":[{"href":"https:\/\/hermandadnarro.com\/index.php\/wp-json\/wp\/v2\/types\/page"}],"author":[{"embeddable":true,"href":"https:\/\/hermandadnarro.com\/index.php\/wp-json\/wp\/v2\/users\/1"}],"replies":[{"embeddable":true,"href":"https:\/\/hermandadnarro.com\/index.php\/wp-json\/wp\/v2\/comments?post=8"}],"version-history":[{"count":23,"href":"https:\/\/hermandadnarro.com\/index.php\/wp-json\/wp\/v2\/pages\/8\/revisions"}],"predecessor-version":[{"id":403,"href":"https:\/\/hermandadnarro.com\/index.php\/wp-json\/wp\/v2\/pages\/8\/revisions\/403"}],"up":[{"embeddable":true,"href":"https:\/\/hermandadnarro.com\/index.php\/wp-json\/wp\/v2\/pages\/6"}],"wp:attachment":[{"href":"https:\/\/hermandadnarro.com\/index.php\/wp-json\/wp\/v2\/media?parent=8"}],"curies":[{"name":"wp","href":"https:\/\/api.w.org\/{rel}","templated":true}]}}